{"id":1153,"date":"2023-09-19T10:24:52","date_gmt":"2023-09-19T10:24:52","guid":{"rendered":"https:\/\/sarvproductions.com\/blog\/?page_id=1153"},"modified":"2025-08-29T17:56:22","modified_gmt":"2025-08-29T17:56:22","slug":"bio-of-maryam-sepehri","status":"publish","type":"page","link":"https:\/\/sarvproductions.com\/blog\/bio-of-maryam-sepehri\/","title":{"rendered":"Bio of Maryam sepehri"},"content":{"rendered":"<style>.kb-row-layout-id1153_3bb012-c0 > .kt-row-column-wrap{align-content:start;}:where(.kb-row-layout-id1153_3bb012-c0 > .kt-row-column-wrap) > .wp-block-kadence-column{justify-content:start;}.kb-row-layout-id1153_3bb012-c0 > .kt-row-column-wrap{column-gap:var(--global-kb-gap-md, 2rem);row-gap:var(--global-kb-gap-md, 2rem);padding-top:var(--global-kb-spacing-sm, 1.5rem);padding-bottom:var(--global-kb-spacing-sm, 1.5rem);}.kb-row-layout-id1153_3bb012-c0 > .kt-row-column-wrap > div:not(.added-for-specificity){grid-column:initial;}.kb-row-layout-id1153_3bb012-c0 > .kt-row-column-wrap{grid-template-columns:minmax(0, 1fr) minmax(0, 3fr) minmax(0, 1fr);}.kb-row-layout-id1153_3bb012-c0 > .kt-row-layout-overlay{opacity:0.30;}@media all and (max-width: 1024px){.kb-row-layout-id1153_3bb012-c0 > .kt-row-column-wrap > div:not(.added-for-specificity){grid-column:initial;}}@media all and (max-width: 1024px){.kb-row-layout-id1153_3bb012-c0 > .kt-row-column-wrap{grid-template-columns:minmax(0, 1fr) minmax(0, 3fr) minmax(0, 1fr);}}@media all and (max-width: 767px){.kb-row-layout-id1153_3bb012-c0 > .kt-row-column-wrap > div:not(.added-for-specificity){grid-column:initial;}.kb-row-layout-id1153_3bb012-c0 > .kt-row-column-wrap{grid-template-columns:minmax(0, 1fr);}}<\/style><div class=\"kb-row-layout-wrap kb-row-layout-id1153_3bb012-c0 alignnone wp-block-kadence-rowlayout\"><div class=\"kt-row-column-wrap kt-has-3-columns kt-row-layout-center-wide kt-tab-layout-inherit kt-mobile-layout-row kt-row-valign-top\">\n<style>.kadence-column1153_5ec05d-a8 > .kt-inside-inner-col,.kadence-column1153_5ec05d-a8 > .kt-inside-inner-col:before{border-top-left-radius:0px;border-top-right-radius:0px;border-bottom-right-radius:0px;border-bottom-left-radius:0px;}.kadence-column1153_5ec05d-a8 > .kt-inside-inner-col{column-gap:var(--global-kb-gap-sm, 1rem);}.kadence-column1153_5ec05d-a8 > .kt-inside-inner-col{flex-direction:column;}.kadence-column1153_5ec05d-a8 > .kt-inside-inner-col > .aligncenter{width:100%;}.kadence-column1153_5ec05d-a8 > .kt-inside-inner-col:before{opacity:0.3;}.kadence-column1153_5ec05d-a8{position:relative;}@media all and (max-width: 1024px){.kadence-column1153_5ec05d-a8 > .kt-inside-inner-col{flex-direction:column;justify-content:center;}}@media all and (max-width: 767px){.kadence-column1153_5ec05d-a8 > .kt-inside-inner-col{flex-direction:column;justify-content:center;}}<\/style>\n<div class=\"wp-block-kadence-column kadence-column1153_5ec05d-a8\"><div class=\"kt-inside-inner-col\"><\/div><\/div>\n\n\n<style>.kadence-column1153_1a9585-ac > .kt-inside-inner-col,.kadence-column1153_1a9585-ac > .kt-inside-inner-col:before{border-top-left-radius:0px;border-top-right-radius:0px;border-bottom-right-radius:0px;border-bottom-left-radius:0px;}.kadence-column1153_1a9585-ac > .kt-inside-inner-col{column-gap:var(--global-kb-gap-sm, 1rem);}.kadence-column1153_1a9585-ac > .kt-inside-inner-col{flex-direction:column;}.kadence-column1153_1a9585-ac > .kt-inside-inner-col > .aligncenter{width:100%;}.kadence-column1153_1a9585-ac > .kt-inside-inner-col:before{opacity:0.3;}.kadence-column1153_1a9585-ac{position:relative;}@media all and (max-width: 1024px){.kadence-column1153_1a9585-ac > .kt-inside-inner-col{flex-direction:column;justify-content:center;}}@media all and (max-width: 767px){.kadence-column1153_1a9585-ac > .kt-inside-inner-col{flex-direction:column;justify-content:center;}}<\/style>\n<div class=\"wp-block-kadence-column kadence-column1153_1a9585-ac\"><div class=\"kt-inside-inner-col\">\n<p class=\"has-large-font-size\"><strong>Maryam Sepehri is an award-winning, Iranian documentary filmmaker.<\/strong><\/p>\n\n\n\n<p>Starting out earning a medical degree, she worked in a sterile lab where she quickly realised her heart was in filmmaking and took it upon herself to educate herself in her true vocation.<\/p>\n\n\n\n<p>After being awarded a B.A. in filmmaking and an M.A. in photography she pursued documentary filmmaking, focusing on human expression and learning.<\/p>\n\n\n\n<p>She has made several well-received documentaries,&nbsp; winning a number of prestigious awards as well as having a number of short stories published along with translations from English to Farsi.&nbsp;<\/p>\n\n\n\n<p><\/p>\n\n\n\n<p><strong>Documentaries<\/strong><\/p>\n\n\n\n<h2 class=\"wp-block-heading\"><em>Rain Once Again<\/em> (2012)<\/h2>\n\n\n\n<p><br>Awarded the Best Documentary Film at the Sooreh International Short Film Festival<\/p>\n\n\n\n<h2 class=\"wp-block-heading\"><em>Thicker than Paint<\/em> (2013)<\/h2>\n\n\n\n<p>Awarded the Special Cream City Cinema Jury Prize at the 5th Milwaukee Film Festival<\/p>\n\n\n\n<p>Nominated for Best Direction (semi-feature length) at the 8th Cin\u00e9ma V\u00e9rit\u00e9, the Iran International Documentary Film Festival.<\/p>\n\n\n\n<h2 class=\"wp-block-heading\"><em>Mouth Harp in Minor Key: Hamid Naficy on\/in Exile <\/em>(2017)<\/h2>\n\n\n\n<p>Awarded Best Film and Best Original Music&nbsp;<\/p>\n\n\n\n<p>&nbsp;for the Iranian Documentary Independent Award by the<\/p>\n\n\n\n<p>Independent Iranian Cinema&nbsp;<\/p>\n\n\n\n<p>Nominated for Best Film and Best Editing from the Cinema V\u00e9rit\u00e9 Iran International Documentary Film Festival<\/p>\n<\/div><\/div>\n\n\n<style>.kadence-column1153_f5943c-f2 > .kt-inside-inner-col,.kadence-column1153_f5943c-f2 > .kt-inside-inner-col:before{border-top-left-radius:0px;border-top-right-radius:0px;border-bottom-right-radius:0px;border-bottom-left-radius:0px;}.kadence-column1153_f5943c-f2 > .kt-inside-inner-col{column-gap:var(--global-kb-gap-sm, 1rem);}.kadence-column1153_f5943c-f2 > .kt-inside-inner-col{flex-direction:column;}.kadence-column1153_f5943c-f2 > .kt-inside-inner-col > .aligncenter{width:100%;}.kadence-column1153_f5943c-f2 > .kt-inside-inner-col:before{opacity:0.3;}.kadence-column1153_f5943c-f2{position:relative;}@media all and (max-width: 1024px){.kadence-column1153_f5943c-f2 > .kt-inside-inner-col{flex-direction:column;justify-content:center;}}@media all and (max-width: 767px){.kadence-column1153_f5943c-f2 > .kt-inside-inner-col{flex-direction:column;justify-content:center;}}<\/style>\n<div class=\"wp-block-kadence-column kadence-column1153_f5943c-f2\"><div class=\"kt-inside-inner-col\"><\/div><\/div>\n\n<\/div><\/div>","protected":false},"excerpt":{"rendered":"<p>Maryam Sepehri is an award-winning, Iranian documentary filmmaker. Starting out earning a medical degree, she worked in a sterile lab where she quickly realised her heart was in filmmaking and took it upon herself to educate herself in her true vocation. After being awarded a B.A. in filmmaking and an M.A. in photography she pursued&#8230;<\/p>\n","protected":false},"author":1,"featured_media":0,"parent":0,"menu_order":0,"comment_status":"closed","ping_status":"closed","template":"","meta":{"_kadence_starter_templates_imported_post":false,"_kad_post_transparent":"","_kad_post_title":"","_kad_post_layout":"","_kad_post_sidebar_id":"","_kad_post_content_style":"","_kad_post_vertical_padding":"","_kad_post_feature":"","_kad_post_feature_position":"","_kad_post_header":false,"_kad_post_footer":false,"footnotes":""},"class_list":["post-1153","page","type-page","status-publish","hentry"],"jetpack_sharing_enabled":true,"_links":{"self":[{"href":"https:\/\/sarvproductions.com\/blog\/wp-json\/wp\/v2\/pages\/1153","targetHints":{"allow":["GET"]}}],"collection":[{"href":"https:\/\/sarvproductions.com\/blog\/wp-json\/wp\/v2\/pages"}],"about":[{"href":"https:\/\/sarvproductions.com\/blog\/wp-json\/wp\/v2\/types\/page"}],"author":[{"embeddable":true,"href":"https:\/\/sarvproductions.com\/blog\/wp-json\/wp\/v2\/users\/1"}],"replies":[{"embeddable":true,"href":"https:\/\/sarvproductions.com\/blog\/wp-json\/wp\/v2\/comments?post=1153"}],"version-history":[{"count":4,"href":"https:\/\/sarvproductions.com\/blog\/wp-json\/wp\/v2\/pages\/1153\/revisions"}],"predecessor-version":[{"id":1442,"href":"https:\/\/sarvproductions.com\/blog\/wp-json\/wp\/v2\/pages\/1153\/revisions\/1442"}],"wp:attachment":[{"href":"https:\/\/sarvproductions.com\/blog\/wp-json\/wp\/v2\/media?parent=1153"}],"curies":[{"name":"wp","href":"https:\/\/api.w.org\/{rel}","templated":true}]}}